{"id":5,"date":"2014-01-24T17:51:45","date_gmt":"2014-01-24T16:51:45","guid":{"rendered":"http:\/\/www.vtbaron.cz\/holany\/?page_id=5"},"modified":"2026-03-03T14:33:31","modified_gmt":"2026-03-03T13:33:31","slug":"program","status":"publish","type":"page","link":"https:\/\/srazy.shoc.cz\/?page_id=5","title":{"rendered":"Program"},"content":{"rendered":"<h3><strong><em>P\u00e1tek 29. 5. 2026<\/em><\/strong><\/h3>\n<ul>\n<li>p\u0159\u00edjezdy \u00fa\u010dastn\u00edk\u016f<img loading=\"lazy\" decoding=\"async\" class=\"alignright wp-image-350\" src=\"http:\/\/srazy.shoc.cz\/wp-content\/uploads\/program.png\" alt=\"lets fun\" width=\"539\" height=\"421\" srcset=\"https:\/\/srazy.shoc.cz\/wp-content\/uploads\/program.png 1023w, https:\/\/srazy.shoc.cz\/wp-content\/uploads\/program-300x235.png 300w, https:\/\/srazy.shoc.cz\/wp-content\/uploads\/program-192x150.png 192w, https:\/\/srazy.shoc.cz\/wp-content\/uploads\/program-150x117.png 150w\" sizes=\"auto, (max-width: 539px) 100vw, 539px\" \/><\/li>\n<li>registrace<\/li>\n<li>ubytov\u00e1v\u00e1n\u00ed<\/li>\n<li>voln\u00e1 z\u00e1bava<\/li>\n<li>okupace baru, p\u00edp a p\u0159ilehl\u00fdch nal\u00e9vac\u00edch prostor<\/li>\n<li>je\u0161t\u011b voln\u011bj\u0161\u00ed z\u00e1bava<\/li>\n<li>odkl\u00edzen\u00ed slab\u0161\u00edch jedinc\u016f<\/li>\n<\/ul>\n<h3><strong><em>Sobota 30. 5. 2026<\/em><\/strong><\/h3>\n<div>\n<ul>\n<li>restart \u017eivotn\u011b d\u016fle\u017eit\u00fdch funkc\u00ed<\/li>\n<li>sn\u00eddan\u011b 8:00 &#8211; 10:00 hod.<\/li>\n<li>vyj\u00ed\u017e\u010fka<\/li>\n<li>voln\u00e1 z\u00e1bava<\/li>\n<li><span style=\"color: #000000;\">ve\u010de\u0159e od 18:00 hod.<\/span><\/li>\n<li>kapela<\/li>\n<li>voln\u00e1 z\u00e1bava<\/li>\n<\/ul>\n<h3><strong><em>Ned\u011ble 31. 5. 2026<\/em><\/strong><\/h3>\n<div>\n<ul>\n<li>sn\u00eddan\u011b 8:00 &#8211; 10:00 hod<\/li>\n<li>po sn\u00eddani balen\u00ed, lou\u010den\u00ed, muck\u00e1n\u00ed&#8230; a dom\u016f<\/li>\n<\/ul>\n<\/div>\n<h2><\/h2>\n<\/div>\n","protected":false},"excerpt":{"rendered":"<p>P\u00e1tek 29. 5. 2026 p\u0159\u00edjezdy \u00fa\u010dastn\u00edk\u016f registrace ubytov\u00e1v\u00e1n\u00ed voln\u00e1 z\u00e1bava okupace baru, p\u00edp a p\u0159ilehl\u00fdch nal\u00e9vac\u00edch prostor je\u0161t\u011b voln\u011bj\u0161\u00ed z\u00e1bava odkl\u00edzen\u00ed slab\u0161\u00edch jedinc\u016f Sobota 30. 5. 2026 restart \u017eivotn\u011b d\u016fle\u017eit\u00fdch funkc\u00ed sn\u00eddan\u011b 8:00 &#8211; 10:00 hod. vyj\u00ed\u017e\u010fka voln\u00e1 z\u00e1bava ve\u010de\u0159e od 18:00 hod. kapela voln\u00e1 z\u00e1bava Ned\u011ble 31. 5. 2026 \u2026 <a class=\"continue-reading-link\" href=\"https:\/\/srazy.shoc.cz\/?page_id=5\"> Continue reading <span class=\"meta-nav\">&rarr; <\/span><\/a><\/p>\n","protected":false},"author":2,"featured_media":0,"parent":0,"menu_order":1,"comment_status":"closed","ping_status":"closed","template":"","meta":{"footnotes":""},"class_list":["post-5","page","type-page","status-publish","hentry"],"_links":{"self":[{"href":"https:\/\/srazy.shoc.cz\/index.php?rest_route=\/wp\/v2\/pages\/5","targetHints":{"allow":["GET"]}}],"collection":[{"href":"https:\/\/srazy.shoc.cz\/index.php?rest_route=\/wp\/v2\/pages"}],"about":[{"href":"https:\/\/srazy.shoc.cz\/index.php?rest_route=\/wp\/v2\/types\/page"}],"author":[{"embeddable":true,"href":"https:\/\/srazy.shoc.cz\/index.php?rest_route=\/wp\/v2\/users\/2"}],"replies":[{"embeddable":true,"href":"https:\/\/srazy.shoc.cz\/index.php?rest_route=%2Fwp%2Fv2%2Fcomments&post=5"}],"version-history":[{"count":51,"href":"https:\/\/srazy.shoc.cz\/index.php?rest_route=\/wp\/v2\/pages\/5\/revisions"}],"predecessor-version":[{"id":1203,"href":"https:\/\/srazy.shoc.cz\/index.php?rest_route=\/wp\/v2\/pages\/5\/revisions\/1203"}],"wp:attachment":[{"href":"https:\/\/srazy.shoc.cz\/index.php?rest_route=%2Fwp%2Fv2%2Fmedia&parent=5"}],"curies":[{"name":"wp","href":"https:\/\/api.w.org\/{rel}","templated":true}]}}