{"id":18,"date":"2014-01-24T17:53:04","date_gmt":"2014-01-24T16:53:04","guid":{"rendered":"http:\/\/www.vtbaron.cz\/holany\/?page_id=11"},"modified":"2026-03-16T06:42:59","modified_gmt":"2026-03-16T05:42:59","slug":"ubytovani-prehled-rezervaci","status":"publish","type":"page","link":"https:\/\/srazy.shoc.cz\/?page_id=18","title":{"rendered":"Ubytov\u00e1n\u00ed &#8211; p\u0159ehled rezervac\u00ed"},"content":{"rendered":"\n<figure class=\"wp-block-image size-full is-resized is-style-default\"><img loading=\"lazy\" decoding=\"async\" width=\"900\" height=\"426\" src=\"https:\/\/srazy.shoc.cz\/wp-content\/uploads\/mapka.jpg\" alt=\"\" class=\"wp-image-1196\" style=\"aspect-ratio:2.112709266682386;width:648px;height:auto\" srcset=\"https:\/\/srazy.shoc.cz\/wp-content\/uploads\/mapka.jpg 900w, https:\/\/srazy.shoc.cz\/wp-content\/uploads\/mapka-300x142.jpg 300w, https:\/\/srazy.shoc.cz\/wp-content\/uploads\/mapka-768x364.jpg 768w, https:\/\/srazy.shoc.cz\/wp-content\/uploads\/mapka-150x71.jpg 150w, https:\/\/srazy.shoc.cz\/wp-content\/uploads\/mapka-250x118.jpg 250w\" sizes=\"auto, (max-width: 900px) 100vw, 900px\" \/><\/figure>\n\n\n<p>Vstupn\u00e9:\u00a0300 K\u010d<\/p>\n<p>Rezervace prov\u00e1d\u011bjte na na\u0161em <a href=\"https:\/\/forum.shoc.cz\/viewtopic.php?p=18270#p18270\" target=\"_blank\" rel=\"noopener\"><strong>diskusn\u00edm f\u00f3ru ZDE<\/strong><\/a><\/p>\n<p><span style=\"color: #000000;\">Mo\u017enost se ubytovat ve vlastn\u00edm stanu a\u017e po vy\u010derp\u00e1n\u00ed ubytovac\u00edch kapacit are\u00e1lu<\/span><\/p>\n<h3>\u00a0<\/h3>\n<h3>Chatky<\/h3>\n<ul>\n<li>l\u016f\u017ekoviny jsou sou\u010d\u00e1st\u00ed<\/li>\n<li><span style=\"color: #000000;\">cena za ubytov\u00e1n\u00ed v\u010detn\u011b polopenze &#8211; 1550 K\u010d\/osoba\/cel\u00fd v\u00edkend<\/span><\/li>\n<\/ul>\n\n<table id=\"tablepress-3\" class=\"tablepress tablepress-id-3\">\n<thead>\n<tr class=\"row-1\">\n\t<th class=\"column-1\">Chatka \u010d\u00edslo<\/th><th class=\"column-2\">PO\u010cET L\u016e\u017dEK<\/th><th class=\"column-3\">PO\u010cET VOLN\u00ddCH L\u016e\u017dEK<\/th><th class=\"column-4\">REZERVACE<\/th>\n<\/tr>\n<\/thead>\n<tbody class=\"row-striping row-hover\">\n<tr class=\"row-2\">\n\t<td class=\"column-1\">1<\/td><td class=\"column-2\">4<\/td><td class=\"column-3\">4<\/td><td class=\"column-4\"><\/td>\n<\/tr>\n<tr class=\"row-3\">\n\t<td class=\"column-1\">2<\/td><td class=\"column-2\">4<\/td><td class=\"column-3\">4<\/td><td class=\"column-4\"><\/td>\n<\/tr>\n<tr class=\"row-4\">\n\t<td class=\"column-1\">3<\/td><td class=\"column-2\">4<\/td><td class=\"column-3\">4<\/td><td class=\"column-4\"><\/td>\n<\/tr>\n<tr class=\"row-5\">\n\t<td class=\"column-1\">5<\/td><td class=\"column-2\">4<\/td><td class=\"column-3\">4<\/td><td class=\"column-4\"><\/td>\n<\/tr>\n<tr class=\"row-6\">\n\t<td class=\"column-1\">6<\/td><td class=\"column-2\">4<\/td><td class=\"column-3\">4<\/td><td class=\"column-4\"><\/td>\n<\/tr>\n<tr class=\"row-7\">\n\t<td class=\"column-1\">7<\/td><td class=\"column-2\">4<\/td><td class=\"column-3\">4<\/td><td class=\"column-4\"><\/td>\n<\/tr>\n<tr class=\"row-8\">\n\t<td class=\"column-1\">8<\/td><td class=\"column-2\">4<\/td><td class=\"column-3\">0<\/td><td class=\"column-4\">Sup, Wayra, Peprum a Han\u010da<\/td>\n<\/tr>\n<tr class=\"row-9\">\n\t<td class=\"column-1\">9<\/td><td class=\"column-2\">4<\/td><td class=\"column-3\">4<\/td><td class=\"column-4\"><\/td>\n<\/tr>\n<tr class=\"row-10\">\n\t<td class=\"column-1\">10<\/td><td class=\"column-2\">4<\/td><td class=\"column-3\">2<\/td><td class=\"column-4\">Bosar+1<\/td>\n<\/tr>\n<tr class=\"row-11\">\n\t<td class=\"column-1\">11<\/td><td class=\"column-2\">4<\/td><td class=\"column-3\">0<\/td><td class=\"column-4\">SHOC V\u00fdchod<\/td>\n<\/tr>\n<tr class=\"row-12\">\n\t<td class=\"column-1\">12<\/td><td class=\"column-2\">4<\/td><td class=\"column-3\">0<\/td><td class=\"column-4\">SHOC V\u00fdchod<\/td>\n<\/tr>\n<tr class=\"row-13\">\n\t<td class=\"column-1\">14<\/td><td class=\"column-2\">4<\/td><td class=\"column-3\">0<\/td><td class=\"column-4\">Jerryovci<\/td>\n<\/tr>\n<tr class=\"row-14\">\n\t<td class=\"column-1\">15<\/td><td class=\"column-2\">4<\/td><td class=\"column-3\">2<\/td><td class=\"column-4\">PetrNX a Lenka<\/td>\n<\/tr>\n<tr class=\"row-15\">\n\t<td class=\"column-1\">16<\/td><td class=\"column-2\">4<\/td><td class=\"column-3\">3<\/td><td class=\"column-4\">Dominik<\/td>\n<\/tr>\n<tr class=\"row-16\">\n\t<td class=\"column-1\">17<\/td><td class=\"column-2\">4<\/td><td class=\"column-3\">0<\/td><td class=\"column-4\">Shadow riders CZ<\/td>\n<\/tr>\n<tr class=\"row-17\">\n\t<td class=\"column-1\">18<\/td><td class=\"column-2\">4<\/td><td class=\"column-3\">0<\/td><td class=\"column-4\">SHOC V\u00fdchod<\/td>\n<\/tr>\n<tr class=\"row-18\">\n\t<td class=\"column-1\">19<\/td><td class=\"column-2\">4<\/td><td class=\"column-3\">0<\/td><td class=\"column-4\">SHOC V\u00fdchod<\/td>\n<\/tr>\n<tr class=\"row-19\">\n\t<td class=\"column-1\">22<\/td><td class=\"column-2\">4<\/td><td class=\"column-3\">2<\/td><td class=\"column-4\">Bosak<\/td>\n<\/tr>\n<tr class=\"row-20\">\n\t<td class=\"column-1\">23<\/td><td class=\"column-2\">4<\/td><td class=\"column-3\">2<\/td><td class=\"column-4\">Vejfuk\u00e1\u0159, D\u00e1\u0161a<\/td>\n<\/tr>\n<tr class=\"row-21\">\n\t<td class=\"column-1\">24<\/td><td class=\"column-2\">4<\/td><td class=\"column-3\">0<\/td><td class=\"column-4\">\u010cu\u0148as, Rumburak, \u0160koln\u00edk, Dane\u010dek<\/td>\n<\/tr>\n<tr class=\"row-22\">\n\t<td class=\"column-1\">25<\/td><td class=\"column-2\">4<\/td><td class=\"column-3\">0<\/td><td class=\"column-4\">Ottelo<\/td>\n<\/tr>\n<tr class=\"row-23\">\n\t<td class=\"column-1\">26<\/td><td class=\"column-2\">4<\/td><td class=\"column-3\">1<\/td><td class=\"column-4\">S\u016f\u010fa, Kala63, Jirka Skoloda<\/td>\n<\/tr>\n<tr class=\"row-24\">\n\t<td class=\"column-1\">27<\/td><td class=\"column-2\">4<\/td><td class=\"column-3\">2<\/td><td class=\"column-4\">Shiny, Rudanka<\/td>\n<\/tr>\n<tr class=\"row-25\">\n\t<td class=\"column-1\">28<\/td><td class=\"column-2\">4<\/td><td class=\"column-3\">0<\/td><td class=\"column-4\">Sally, Va\u0161ek<\/td>\n<\/tr>\n<tr class=\"row-26\">\n\t<td class=\"column-1\">29<\/td><td class=\"column-2\">4<\/td><td class=\"column-3\">2<\/td><td class=\"column-4\">Baron, Coffee<\/td>\n<\/tr>\n<tr class=\"row-27\">\n\t<td class=\"column-1\">30<\/td><td class=\"column-2\">4<\/td><td class=\"column-3\">2<\/td><td class=\"column-4\">Marty<\/td>\n<\/tr>\n<\/tbody>\n<\/table>\n<!-- #tablepress-3 from cache -->\n<h3>\u00a0<\/h3>","protected":false},"excerpt":{"rendered":"<p>Vstupn\u00e9:\u00a0300 K\u010d Rezervace prov\u00e1d\u011bjte na na\u0161em diskusn\u00edm f\u00f3ru ZDE Mo\u017enost se ubytovat ve vlastn\u00edm stanu a\u017e po vy\u010derp\u00e1n\u00ed ubytovac\u00edch kapacit are\u00e1lu \u00a0 Chatky l\u016f\u017ekoviny jsou sou\u010d\u00e1st\u00ed cena za ubytov\u00e1n\u00ed v\u010detn\u011b polopenze &#8211; 1550 K\u010d\/osoba\/cel\u00fd v\u00edkend \u00a0<\/p>\n","protected":false},"author":2,"featured_media":0,"parent":0,"menu_order":4,"comment_status":"closed","ping_status":"closed","template":"","meta":{"footnotes":""},"class_list":["post-18","page","type-page","status-publish","hentry"],"_links":{"self":[{"href":"https:\/\/srazy.shoc.cz\/index.php?rest_route=\/wp\/v2\/pages\/18","targetHints":{"allow":["GET"]}}],"collection":[{"href":"https:\/\/srazy.shoc.cz\/index.php?rest_route=\/wp\/v2\/pages"}],"about":[{"href":"https:\/\/srazy.shoc.cz\/index.php?rest_route=\/wp\/v2\/types\/page"}],"author":[{"embeddable":true,"href":"https:\/\/srazy.shoc.cz\/index.php?rest_route=\/wp\/v2\/users\/2"}],"replies":[{"embeddable":true,"href":"https:\/\/srazy.shoc.cz\/index.php?rest_route=%2Fwp%2Fv2%2Fcomments&post=18"}],"version-history":[{"count":188,"href":"https:\/\/srazy.shoc.cz\/index.php?rest_route=\/wp\/v2\/pages\/18\/revisions"}],"predecessor-version":[{"id":1208,"href":"https:\/\/srazy.shoc.cz\/index.php?rest_route=\/wp\/v2\/pages\/18\/revisions\/1208"}],"wp:attachment":[{"href":"https:\/\/srazy.shoc.cz\/index.php?rest_route=%2Fwp%2Fv2%2Fmedia&parent=18"}],"curies":[{"name":"wp","href":"https:\/\/api.w.org\/{rel}","templated":true}]}}