{"id":17,"date":"2014-01-24T17:52:37","date_gmt":"2014-01-24T16:52:37","guid":{"rendered":"http:\/\/www.vtbaron.cz\/holany\/?page_id=9"},"modified":"2026-03-16T06:44:26","modified_gmt":"2026-03-16T05:44:26","slug":"jidelnicek-a-ceny","status":"publish","type":"page","link":"https:\/\/srazy.shoc.cz\/?page_id=17","title":{"rendered":"J\u00eddeln\u00ed\u010dek"},"content":{"rendered":"<h2 style=\"text-align: justify;\"><img loading=\"lazy\" decoding=\"async\" class=\" wp-image-904 alignright\" src=\"https:\/\/srazy.shoc.cz\/wp-content\/uploads\/shoc-jidlo-6-300x194.jpg\" alt=\"\" width=\"600\" height=\"387\" srcset=\"https:\/\/srazy.shoc.cz\/wp-content\/uploads\/shoc-jidlo-6-300x194.jpg 300w, https:\/\/srazy.shoc.cz\/wp-content\/uploads\/shoc-jidlo-6-1024x661.jpg 1024w, https:\/\/srazy.shoc.cz\/wp-content\/uploads\/shoc-jidlo-6-768x496.jpg 768w, https:\/\/srazy.shoc.cz\/wp-content\/uploads\/shoc-jidlo-6-1536x992.jpg 1536w, https:\/\/srazy.shoc.cz\/wp-content\/uploads\/shoc-jidlo-6-150x97.jpg 150w, https:\/\/srazy.shoc.cz\/wp-content\/uploads\/shoc-jidlo-6-232x150.jpg 232w, https:\/\/srazy.shoc.cz\/wp-content\/uploads\/shoc-jidlo-6.jpg 1607w\" sizes=\"auto, (max-width: 600px) 100vw, 600px\" \/><\/h2>\n<h5><strong><em><br \/>\n<\/em><\/strong><strong><em>P\u00e1tek 29. 5. 2026<br \/>\n<\/em><\/strong><\/h5>\n<ul>\n<li>ve\u010de\u0159e &#8211; \u0159\u00edzek s brabory, okurka<\/li>\n<\/ul>\n<h5><strong><em>Sobota 30. 5. 2026<\/em><\/strong><\/h5>\n<ul>\n<li>sn\u00eddan\u011b &#8211; \u0161v\u00e9dsk\u00fd st\u016fl<\/li>\n<li>ob\u011bd b\u011bhem vyj\u00ed\u017e\u010fky v kempu nebo v kempu<\/li>\n<li>ve\u010de\u0159e\n<ul>\n<li>dobroty z grilu<strong><span style=\"color: #339966;\"><br \/>\n<\/span><\/strong><\/li>\n<\/ul>\n<\/li>\n<\/ul>\n<h5><strong><em>Ned\u011ble 31. 5. 2026<\/em><\/strong><\/h5>\n<ul>\n<li>sn\u00eddan\u011b \u0161v\u00e9dsk\u00fd st\u016fl<\/li>\n<\/ul>\n<p><strong><em>Z napajedel te\u010de Pilsner Urquel, Bakal\u00e1\u0159<\/em><\/strong><\/p>\n","protected":false},"excerpt":{"rendered":"<p>P\u00e1tek 29. 5. 2026 ve\u010de\u0159e &#8211; \u0159\u00edzek s brabory, okurka Sobota 30. 5. 2026 sn\u00eddan\u011b &#8211; \u0161v\u00e9dsk\u00fd st\u016fl ob\u011bd b\u011bhem vyj\u00ed\u017e\u010fky v kempu nebo v kempu ve\u010de\u0159e dobroty z grilu Ned\u011ble 31. 5. 2026 sn\u00eddan\u011b \u0161v\u00e9dsk\u00fd st\u016fl Z napajedel te\u010de Pilsner Urquel, Bakal\u00e1\u0159<\/p>\n","protected":false},"author":2,"featured_media":0,"parent":0,"menu_order":3,"comment_status":"closed","ping_status":"closed","template":"","meta":{"footnotes":""},"class_list":["post-17","page","type-page","status-publish","hentry"],"_links":{"self":[{"href":"https:\/\/srazy.shoc.cz\/index.php?rest_route=\/wp\/v2\/pages\/17","targetHints":{"allow":["GET"]}}],"collection":[{"href":"https:\/\/srazy.shoc.cz\/index.php?rest_route=\/wp\/v2\/pages"}],"about":[{"href":"https:\/\/srazy.shoc.cz\/index.php?rest_route=\/wp\/v2\/types\/page"}],"author":[{"embeddable":true,"href":"https:\/\/srazy.shoc.cz\/index.php?rest_route=\/wp\/v2\/users\/2"}],"replies":[{"embeddable":true,"href":"https:\/\/srazy.shoc.cz\/index.php?rest_route=%2Fwp%2Fv2%2Fcomments&post=17"}],"version-history":[{"count":72,"href":"https:\/\/srazy.shoc.cz\/index.php?rest_route=\/wp\/v2\/pages\/17\/revisions"}],"predecessor-version":[{"id":1210,"href":"https:\/\/srazy.shoc.cz\/index.php?rest_route=\/wp\/v2\/pages\/17\/revisions\/1210"}],"wp:attachment":[{"href":"https:\/\/srazy.shoc.cz\/index.php?rest_route=%2Fwp%2Fv2%2Fmedia&parent=17"}],"curies":[{"name":"wp","href":"https:\/\/api.w.org\/{rel}","templated":true}]}}