{"id":16,"date":"2014-01-24T17:52:07","date_gmt":"2014-01-24T16:52:07","guid":{"rendered":"http:\/\/www.vtbaron.cz\/holany\/?page_id=7"},"modified":"2026-03-03T14:15:59","modified_gmt":"2026-03-03T13:15:59","slug":"mapy","status":"publish","type":"page","link":"https:\/\/srazy.shoc.cz\/?page_id=16","title":{"rendered":"Mapy"},"content":{"rendered":"\n<h2 class=\"wp-block-heading\"><em>Nejbli\u017e\u0161\u00ed \u010derpac\u00ed stanice <a href=\"https:\/\/mapy.com\/s\/jatobodetu\" target=\"_blank\" rel=\"noopener\">EuroOil<\/a>, do 18:00 hod,&nbsp; 7 km<\/em><\/h2>\n\n\n\n<h2 class=\"wp-block-heading\"><strong>GPS: 50.0718400N, 13.3330711E<\/strong><\/h2>\n\n\n\n<iframe src=\"https:\/\/www.google.com\/maps\/embed?pb=!1m18!1m12!1m3!1d8614.154080242439!2d13.358662816112309!3d50.06749927250188!2m3!1f0!2f0!3f0!3m2!1i1024!2i768!4f13.1!3m3!1m2!1s0x470a662f54618ab7%3A0x5bbf9613bf8891c3!2zU2tsw6FybmE!5e0!3m2!1scs!2scz!4v1772543420617!5m2!1scs!2scz\" width=\"800\" height=\"600\" style=\"border:0;\" allowfullscreen=\"\" loading=\"lazy\" referrerpolicy=\"no-referrer-when-downgrade\"><\/iframe>\n\n\n\n<p><\/p>\n","protected":false},"excerpt":{"rendered":"<p>Nejbli\u017e\u0161\u00ed \u010derpac\u00ed stanice EuroOil, do 18:00 hod,&nbsp; 7 km GPS: 50.0718400N, 13.3330711E<\/p>\n","protected":false},"author":2,"featured_media":0,"parent":0,"menu_order":5,"comment_status":"closed","ping_status":"closed","template":"","meta":{"footnotes":""},"class_list":["post-16","page","type-page","status-publish","hentry"],"_links":{"self":[{"href":"https:\/\/srazy.shoc.cz\/index.php?rest_route=\/wp\/v2\/pages\/16","targetHints":{"allow":["GET"]}}],"collection":[{"href":"https:\/\/srazy.shoc.cz\/index.php?rest_route=\/wp\/v2\/pages"}],"about":[{"href":"https:\/\/srazy.shoc.cz\/index.php?rest_route=\/wp\/v2\/types\/page"}],"author":[{"embeddable":true,"href":"https:\/\/srazy.shoc.cz\/index.php?rest_route=\/wp\/v2\/users\/2"}],"replies":[{"embeddable":true,"href":"https:\/\/srazy.shoc.cz\/index.php?rest_route=%2Fwp%2Fv2%2Fcomments&post=16"}],"version-history":[{"count":51,"href":"https:\/\/srazy.shoc.cz\/index.php?rest_route=\/wp\/v2\/pages\/16\/revisions"}],"predecessor-version":[{"id":1195,"href":"https:\/\/srazy.shoc.cz\/index.php?rest_route=\/wp\/v2\/pages\/16\/revisions\/1195"}],"wp:attachment":[{"href":"https:\/\/srazy.shoc.cz\/index.php?rest_route=%2Fwp%2Fv2%2Fmedia&parent=16"}],"curies":[{"name":"wp","href":"https:\/\/api.w.org\/{rel}","templated":true}]}}